{"id":2,"date":"2020-03-11T20:42:36","date_gmt":"2020-03-11T20:42:36","guid":{"rendered":"http:\/\/192.168.1.250\/wordpress\/?page_id=2"},"modified":"2026-01-18T08:55:32","modified_gmt":"2026-01-18T07:55:32","slug":"ez-egy-minta-oldal","status":"publish","type":"page","link":"https:\/\/prozone.hu\/","title":{"rendered":"Home"},"content":{"rendered":"<p>A PROZONE Kft. 2004-ben alakult informatikai v\u00e1llalkoz\u00e1sk\u00e9nt. Szolg\u00e1ltat\u00e1saink folyamatosan b\u0151v\u00fcltek IT \u00e9s nyomdaipari szolg\u00e1ltat\u00e1sokkal, informatikai \u00e9s irodatechnikai eszk\u00f6z\u00f6k forgalmaz\u00e1s\u00e1val \u00e9s b\u00e9rbead\u00e1s\u00e1val.<\/p>\n<p>T\u00f6bbnyire rekl\u00e1mkiadv\u00e1nyok, sz\u00f3r\u00f3anyagok, haszn\u00e1lati \u00fatmutat\u00f3k \u00a0gy\u00e1rt\u00e1s\u00e1ra, nyomtat\u00e1s\u00e1ra specializ\u00e1l\u00f3dtunk.<\/p>\n<p>A sz\u00e1ll\u00edt\u00e1st mindig egyedileg egyeztetj\u00fck, k\u00e9r\u00e9s eset\u00e9n megoldhat\u00f3 a kisz\u00e1ll\u00edt\u00e1s az orsz\u00e1g b\u00e1rmely pontj\u00e1ra.<\/p>\n<p style=\"text-align: left;\"><strong><a href=\"https:\/\/www.prozone.hu\/?page_id=43\">AJ\u00c1NLATK\u00c9R\u00c9S<\/a><\/strong><\/p>\n<p>&nbsp;<\/p>\n","protected":false},"excerpt":{"rendered":"<p>A PROZONE Kft. 2004-ben alakult informatikai v\u00e1llalkoz\u00e1sk\u00e9nt. Szolg\u00e1ltat\u00e1saink folyamatosan b\u0151v\u00fcltek IT \u00e9s nyomdaipari szolg\u00e1ltat\u00e1sokkal, informatikai \u00e9s irodatechnikai eszk\u00f6z\u00f6k forgalmaz\u00e1s\u00e1val \u00e9s b\u00e9rbead\u00e1s\u00e1val. T\u00f6bbnyire rekl\u00e1mkiadv\u00e1nyok, sz\u00f3r\u00f3anyagok, haszn\u00e1lati \u00fatmutat\u00f3k \u00a0gy\u00e1rt\u00e1s\u00e1ra, nyomtat\u00e1s\u00e1ra specializ\u00e1l\u00f3dtunk. A sz\u00e1ll\u00edt\u00e1st mindig egyedileg egyeztetj\u00fck, k\u00e9r\u00e9s eset\u00e9n megoldhat\u00f3 a kisz\u00e1ll\u00edt\u00e1s az orsz\u00e1g b\u00e1rmely pontj\u00e1ra. AJ\u00c1NLATK\u00c9R\u00c9S &nbsp;<\/p>\n","protected":false},"author":1,"featured_media":0,"parent":0,"menu_order":0,"comment_status":"closed","ping_status":"open","template":"","meta":{"footnotes":""},"class_list":["post-2","page","type-page","status-publish","hentry"],"_links":{"self":[{"href":"https:\/\/prozone.hu\/index.php?rest_route=\/wp\/v2\/pages\/2","targetHints":{"allow":["GET"]}}],"collection":[{"href":"https:\/\/prozone.hu\/index.php?rest_route=\/wp\/v2\/pages"}],"about":[{"href":"https:\/\/prozone.hu\/index.php?rest_route=\/wp\/v2\/types\/page"}],"author":[{"embeddable":true,"href":"https:\/\/prozone.hu\/index.php?rest_route=\/wp\/v2\/users\/1"}],"replies":[{"embeddable":true,"href":"https:\/\/prozone.hu\/index.php?rest_route=%2Fwp%2Fv2%2Fcomments&post=2"}],"version-history":[{"count":13,"href":"https:\/\/prozone.hu\/index.php?rest_route=\/wp\/v2\/pages\/2\/revisions"}],"predecessor-version":[{"id":111,"href":"https:\/\/prozone.hu\/index.php?rest_route=\/wp\/v2\/pages\/2\/revisions\/111"}],"wp:attachment":[{"href":"https:\/\/prozone.hu\/index.php?rest_route=%2Fwp%2Fv2%2Fmedia&parent=2"}],"curies":[{"name":"wp","href":"https:\/\/api.w.org\/{rel}","templated":true}]}}