{"id":65,"date":"2022-03-27T15:38:36","date_gmt":"2022-03-27T14:38:36","guid":{"rendered":"https:\/\/prozone.hu\/?page_id=65"},"modified":"2023-10-24T08:57:23","modified_gmt":"2023-10-24T07:57:23","slug":"ginop-1-2-9-20-2021-00280","status":"publish","type":"page","link":"https:\/\/prozone.hu\/?page_id=65","title":{"rendered":"P\u00e1ly\u00e1zat"},"content":{"rendered":"<p><strong>Kedvezm\u00e9nyezett neve:<\/strong> PROZONE Szolg\u00e1ltat\u00f3 Korl\u00e1tolt Felel\u0151ss\u00e9g\u0171 T\u00e1rsas\u00e1g<br \/>\n<strong>Projekt c\u00edme:<\/strong> Mikro-, kis- \u00e9s k\u00f6z\u00e9pv\u00e1llalkoz\u00e1sok technol\u00f3giai korszer\u0171s\u00edt\u00e9se c\u00e9l\u00fa Hitelprogram<br \/>\n<strong>A k\u00f6lcs\u00f6n \u00f6sszege:<\/strong> 18 000 000 Ft<br \/>\n<strong>Projekt tartalm\u00e1nak bemutat\u00e1sa:<\/strong><\/p>\n<p>A Hitelprogram c\u00e9lja, hogy t\u00e1mogassa a mikro-, kis- \u00e9s k\u00f6z\u00e9pv\u00e1llalkoz\u00e1sok zavartalan likvid m\u0171k\u00f6d\u00e9s\u00e9t, az ehhez sz\u00fcks\u00e9ges k\u00e9szletbeszerz\u00e9sek \u00e9s m\u0171k\u00f6d\u00e9si k\u00f6lts\u00e9gek finansz\u00edroz\u00e1sa \u00e1ltal, a hat\u00e1lyos (\u201eB\u201d hitelc\u00e9l) meghat\u00e1rozott elsz\u00e1molhat\u00f3 k\u00f6lts\u00e9gek ment\u00e9n, amely az al\u00e1bbiak szerint ker\u00fcl felhaszn\u00e1l\u00e1sra:<\/p>\n<p>Sz\u00e1m\u00edt\u00e1stechnikai eszk\u00f6z\u00f6k k\u00e9szlet fejleszt\u00e9se: 18.000.000,- Ft<\/p>\n<p><strong>Projekt tervezett befejez\u00e9si d\u00e1tuma:<\/strong> 2023.07.31.<br \/>\n<strong>Projekt azonos\u00edt\u00f3 sz\u00e1ma:<\/strong> GINOP-8.3.5-18\/B_3<\/p>\n<p>&nbsp;<\/p>\n<p>&nbsp;<\/p>\n<p><strong>Kedvezm\u00e9nyezett neve:<\/strong> PROZONE Szolg\u00e1ltat\u00f3 Korl\u00e1tolt Felel\u0151ss\u00e9g\u0171 T\u00e1rsas\u00e1g<br \/>\n<strong>Projekt c\u00edme:<\/strong> A Prozone Kft. nyomdaipari tev\u00e9kenys\u00e9g\u00e9nek komplex fejleszt\u00e9se<br \/>\n<strong>Szerz\u0151d\u00f6tt t\u00e1mogat\u00e1s \u00f6sszege:<\/strong> 9 999 998 Ft<br \/>\n<strong>T\u00e1mogat\u00e1s m\u00e9rt\u00e9ke:<\/strong> 70%<br \/>\n<strong>Projekt tartalm\u00e1nak bemutat\u00e1sa:<\/strong><br \/>\n&#8211; \u00daj eszk\u00f6z ker\u00fcl beszerz\u00e9sre, egy Ricoh PRO C5300S, 4 sz\u00ednes digit\u00e1lis ipari nyomdai<br \/>\nberendez\u00e9s;<br \/>\n&#8211; V\u00e1llalkoz\u00f3i tev\u00e9kenys\u00e9g v\u00e9gz\u00e9s\u00e9vel \u00f6sszef\u00fcgg\u0151 ingatlan beruh\u00e1z\u00e1s keret\u00e9ben nem \u00e9p\u00edt\u00e9si<br \/>\nenged\u00e9ly k\u00f6teles \u00e9p\u00fclet \u00e1talak\u00edt\u00e1ssal m\u0171hely, iroda, t\u00e1rgyal\u00f3, t\u00e1rol\u00f3, teakonyha, \u00e9tkez\u0151,<br \/>\nmosd\u00f3, kisteheraut\u00f3 be\u00e1ll\u00f3 ker\u00fcl kialak\u00edt\u00e1sra valamint tet\u0151 korszer\u0171s\u00edt\u00e9s val\u00f3sul meg.<br \/>\n<strong>Projekt tervezett befejez\u00e9si d\u00e1tuma:<\/strong> 2022.08.31.<br \/>\n<strong>Projekt azonos\u00edt\u00f3 sz\u00e1ma:<\/strong> GINOP-1.2.9-20-2021-00280<\/p>\n<p>&nbsp;<\/p>\n<p><a href=\"https:\/\/prozone.hu\/wp-content\/uploads\/2022\/10\/Sajtokozlemeny_Prozone-Kft.pdf\">Sajt\u00f3k\u00f6zlem\u00e9ny<\/a><\/p>\n<p>&nbsp;<\/p>\n<p><img loading=\"lazy\" decoding=\"async\" class=\"alignnone size-medium wp-image-86\" src=\"https:\/\/prozone.hu\/wp-content\/uploads\/2022\/10\/44-300x225.jpg\" alt=\"\" width=\"300\" height=\"225\" srcset=\"https:\/\/prozone.hu\/wp-content\/uploads\/2022\/10\/44-300x225.jpg 300w, https:\/\/prozone.hu\/wp-content\/uploads\/2022\/10\/44-1024x768.jpg 1024w, https:\/\/prozone.hu\/wp-content\/uploads\/2022\/10\/44-768x576.jpg 768w, https:\/\/prozone.hu\/wp-content\/uploads\/2022\/10\/44-1536x1152.jpg 1536w, https:\/\/prozone.hu\/wp-content\/uploads\/2022\/10\/44-2048x1536.jpg 2048w\" sizes=\"auto, (max-width: 300px) 100vw, 300px\" \/> <img loading=\"lazy\" decoding=\"async\" class=\"alignnone size-medium wp-image-85\" src=\"https:\/\/prozone.hu\/wp-content\/uploads\/2022\/10\/30-300x225.jpg\" alt=\"\" width=\"300\" height=\"225\" srcset=\"https:\/\/prozone.hu\/wp-content\/uploads\/2022\/10\/30-300x225.jpg 300w, https:\/\/prozone.hu\/wp-content\/uploads\/2022\/10\/30-1024x768.jpg 1024w, https:\/\/prozone.hu\/wp-content\/uploads\/2022\/10\/30-768x576.jpg 768w, https:\/\/prozone.hu\/wp-content\/uploads\/2022\/10\/30-1536x1152.jpg 1536w, https:\/\/prozone.hu\/wp-content\/uploads\/2022\/10\/30.jpg 1600w\" sizes=\"auto, (max-width: 300px) 100vw, 300px\" \/> <img loading=\"lazy\" decoding=\"async\" class=\"alignnone size-medium wp-image-84\" src=\"https:\/\/prozone.hu\/wp-content\/uploads\/2022\/10\/43-300x225.jpg\" alt=\"\" width=\"300\" height=\"225\" srcset=\"https:\/\/prozone.hu\/wp-content\/uploads\/2022\/10\/43-300x225.jpg 300w, https:\/\/prozone.hu\/wp-content\/uploads\/2022\/10\/43-1024x768.jpg 1024w, https:\/\/prozone.hu\/wp-content\/uploads\/2022\/10\/43-768x576.jpg 768w, https:\/\/prozone.hu\/wp-content\/uploads\/2022\/10\/43-1536x1152.jpg 1536w, https:\/\/prozone.hu\/wp-content\/uploads\/2022\/10\/43-2048x1536.jpg 2048w\" sizes=\"auto, (max-width: 300px) 100vw, 300px\" \/> <img loading=\"lazy\" decoding=\"async\" class=\"alignnone size-medium wp-image-83\" src=\"https:\/\/prozone.hu\/wp-content\/uploads\/2022\/10\/35-300x225.jpg\" alt=\"\" width=\"300\" height=\"225\" srcset=\"https:\/\/prozone.hu\/wp-content\/uploads\/2022\/10\/35-300x225.jpg 300w, https:\/\/prozone.hu\/wp-content\/uploads\/2022\/10\/35-1024x768.jpg 1024w, https:\/\/prozone.hu\/wp-content\/uploads\/2022\/10\/35-768x576.jpg 768w, https:\/\/prozone.hu\/wp-content\/uploads\/2022\/10\/35-1536x1152.jpg 1536w, https:\/\/prozone.hu\/wp-content\/uploads\/2022\/10\/35-2048x1536.jpg 2048w\" sizes=\"auto, (max-width: 300px) 100vw, 300px\" \/> <img loading=\"lazy\" decoding=\"async\" class=\"alignnone size-medium wp-image-82\" src=\"https:\/\/prozone.hu\/wp-content\/uploads\/2022\/10\/33-300x225.jpg\" alt=\"\" width=\"300\" height=\"225\" srcset=\"https:\/\/prozone.hu\/wp-content\/uploads\/2022\/10\/33-300x225.jpg 300w, https:\/\/prozone.hu\/wp-content\/uploads\/2022\/10\/33-1024x768.jpg 1024w, https:\/\/prozone.hu\/wp-content\/uploads\/2022\/10\/33-768x576.jpg 768w, https:\/\/prozone.hu\/wp-content\/uploads\/2022\/10\/33-1536x1152.jpg 1536w, https:\/\/prozone.hu\/wp-content\/uploads\/2022\/10\/33-2048x1536.jpg 2048w\" sizes=\"auto, (max-width: 300px) 100vw, 300px\" \/> <img loading=\"lazy\" decoding=\"async\" class=\"alignnone size-medium wp-image-81\" src=\"https:\/\/prozone.hu\/wp-content\/uploads\/2022\/10\/41-300x225.jpg\" alt=\"\" width=\"300\" height=\"225\" srcset=\"https:\/\/prozone.hu\/wp-content\/uploads\/2022\/10\/41-300x225.jpg 300w, https:\/\/prozone.hu\/wp-content\/uploads\/2022\/10\/41-1024x768.jpg 1024w, https:\/\/prozone.hu\/wp-content\/uploads\/2022\/10\/41-768x576.jpg 768w, https:\/\/prozone.hu\/wp-content\/uploads\/2022\/10\/41-1536x1152.jpg 1536w, https:\/\/prozone.hu\/wp-content\/uploads\/2022\/10\/41-2048x1536.jpg 2048w\" sizes=\"auto, (max-width: 300px) 100vw, 300px\" \/><\/p>\n<p>&nbsp;<\/p>\n","protected":false},"excerpt":{"rendered":"<p>Kedvezm\u00e9nyezett neve: PROZONE Szolg\u00e1ltat\u00f3 Korl\u00e1tolt Felel\u0151ss\u00e9g\u0171 T\u00e1rsas\u00e1g Projekt c\u00edme: Mikro-, kis- \u00e9s k\u00f6z\u00e9pv\u00e1llalkoz\u00e1sok technol\u00f3giai korszer\u0171s\u00edt\u00e9se c\u00e9l\u00fa Hitelprogram A k\u00f6lcs\u00f6n \u00f6sszege: 18 000 000 Ft Projekt tartalm\u00e1nak bemutat\u00e1sa: A Hitelprogram c\u00e9lja, hogy t\u00e1mogassa a mikro-, kis- \u00e9s k\u00f6z\u00e9pv\u00e1llalkoz\u00e1sok zavartalan likvid m\u0171k\u00f6d\u00e9s\u00e9t, az ehhez sz\u00fcks\u00e9ges k\u00e9szletbeszerz\u00e9sek \u00e9s m\u0171k\u00f6d\u00e9si k\u00f6lts\u00e9gek finansz\u00edroz\u00e1sa \u00e1ltal, a hat\u00e1lyos (\u201eB\u201d hitelc\u00e9l) meghat\u00e1rozott elsz\u00e1molhat\u00f3 &hellip; <\/p>\n<p class=\"link-more\"><a href=\"https:\/\/prozone.hu\/?page_id=65\" class=\"more-link\"><span class=\"screen-reader-text\">&#8222;P\u00e1ly\u00e1zat&#8221;<\/span> b\u0151vebben<\/a><\/p>\n","protected":false},"author":1,"featured_media":0,"parent":0,"menu_order":0,"comment_status":"closed","ping_status":"closed","template":"","meta":{"footnotes":""},"class_list":["post-65","page","type-page","status-publish","hentry"],"_links":{"self":[{"href":"https:\/\/prozone.hu\/index.php?rest_route=\/wp\/v2\/pages\/65","targetHints":{"allow":["GET"]}}],"collection":[{"href":"https:\/\/prozone.hu\/index.php?rest_route=\/wp\/v2\/pages"}],"about":[{"href":"https:\/\/prozone.hu\/index.php?rest_route=\/wp\/v2\/types\/page"}],"author":[{"embeddable":true,"href":"https:\/\/prozone.hu\/index.php?rest_route=\/wp\/v2\/users\/1"}],"replies":[{"embeddable":true,"href":"https:\/\/prozone.hu\/index.php?rest_route=%2Fwp%2Fv2%2Fcomments&post=65"}],"version-history":[{"count":11,"href":"https:\/\/prozone.hu\/index.php?rest_route=\/wp\/v2\/pages\/65\/revisions"}],"predecessor-version":[{"id":101,"href":"https:\/\/prozone.hu\/index.php?rest_route=\/wp\/v2\/pages\/65\/revisions\/101"}],"wp:attachment":[{"href":"https:\/\/prozone.hu\/index.php?rest_route=%2Fwp%2Fv2%2Fmedia&parent=65"}],"curies":[{"name":"wp","href":"https:\/\/api.w.org\/{rel}","templated":true}]}}